{"id":2746,"date":"2026-03-15T17:41:20","date_gmt":"2026-03-15T17:41:20","guid":{"rendered":"https:\/\/jefjeldigital.com\/properties\/"},"modified":"2026-03-30T16:03:22","modified_gmt":"2026-03-30T16:03:22","slug":"monprojet","status":"publish","type":"page","link":"https:\/\/jefjeldigital.com\/?page_id=2746","title":{"rendered":"Mon Projet"},"content":{"rendered":"\t\t<div data-elementor-type=\"wp-post\" data-elementor-id=\"2746\" class=\"elementor elementor-2746\">\n\t\t\t\t<div class=\"elementor-element elementor-element-7b6168f e-flex e-con-boxed e-con e-parent\" data-id=\"7b6168f\" data-element_type=\"container\" data-e-type=\"container\" data-settings=\"{&quot;background_background&quot;:&quot;classic&quot;}\">\n\t\t\t\t\t<div class=\"e-con-inner\">\n\t\t<div class=\"elementor-element elementor-element-6f5e8a1 e-con-full e-flex e-con e-child\" data-id=\"6f5e8a1\" data-element_type=\"container\" data-e-type=\"container\">\n\t\t\t\t<div class=\"elementor-element elementor-element-f7c562e elementor-widget elementor-widget-heading\" data-id=\"f7c562e\" data-element_type=\"widget\" data-e-type=\"widget\" data-widget_type=\"heading.default\">\n\t\t\t\t<div class=\"elementor-widget-container\">\n\t\t\t\t\t<h2 class=\"elementor-heading-title elementor-size-default\">votre projet<\/h2>\t\t\t\t<\/div>\n\t\t\t\t<\/div>\n\t\t<div class=\"elementor-element elementor-element-cf6cc65 e-flex e-con-boxed e-con e-child\" data-id=\"cf6cc65\" data-element_type=\"container\" data-e-type=\"container\">\n\t\t\t\t\t<div class=\"e-con-inner\">\n\t\t\t\t<div class=\"elementor-element elementor-element-ed56004 elementor-widget elementor-widget-wpforms\" data-id=\"ed56004\" data-element_type=\"widget\" data-e-type=\"widget\" data-widget_type=\"wpforms.default\">\n\t\t\t\t<div class=\"elementor-widget-container\">\n\t\t\t\t\t<div class=\"wpforms-container \" id=\"wpforms-2802\"><form id=\"wpforms-form-2802\" class=\"wpforms-validate wpforms-form wpforms-ajax-form\" data-formid=\"2802\" method=\"post\" enctype=\"multipart\/form-data\" action=\"\/index.php?rest_route=%2Fwp%2Fv2%2Fpages%2F2746\" data-token=\"792470e22c1ee9c7052059721de26b3c\" data-token-time=\"1776346808\"><noscript class=\"wpforms-error-noscript\">Veuillez activer JavaScript dans votre navigateur pour remplir ce formulaire.<\/noscript><div class=\"wpforms-field-container\"><div id=\"wpforms-2802-field_10-container\" class=\"wpforms-field wpforms-field-name\" data-field-id=\"10\"><label class=\"wpforms-field-label\">Nom <span class=\"wpforms-required-label\">*<\/span><\/label><div class=\"wpforms-field-row wpforms-field-medium\"><div class=\"wpforms-field-row-block wpforms-first wpforms-one-half\"><input type=\"text\" id=\"wpforms-2802-field_10\" class=\"wpforms-field-name-first wpforms-field-required\" name=\"wpforms[fields][10][first]\" required><label for=\"wpforms-2802-field_10\" class=\"wpforms-field-sublabel after\">Pr\u00e9nom<\/label><\/div><div class=\"wpforms-field-row-block wpforms-one-half\"><input type=\"text\" id=\"wpforms-2802-field_10-last\" class=\"wpforms-field-name-last wpforms-field-required\" name=\"wpforms[fields][10][last]\" required><label for=\"wpforms-2802-field_10-last\" class=\"wpforms-field-sublabel after\">Nom<\/label><\/div><\/div><\/div><div id=\"wpforms-2802-field_11-container\" class=\"wpforms-field wpforms-field-email\" data-field-id=\"11\"><label class=\"wpforms-field-label\" for=\"wpforms-2802-field_11\">E-mail<\/label><input type=\"email\" id=\"wpforms-2802-field_11\" class=\"wpforms-field-medium\" name=\"wpforms[fields][11]\" spellcheck=\"false\" ><\/div><div id=\"wpforms-2802-field_5-container\" class=\"wpforms-field wpforms-field-text\" data-field-id=\"5\"><label class=\"wpforms-field-label\" for=\"wpforms-2802-field_5\">Telephone <span class=\"wpforms-required-label\">*<\/span><\/label><input type=\"text\" id=\"wpforms-2802-field_5\" class=\"wpforms-field-medium wpforms-field-required\" name=\"wpforms[fields][5]\" required><\/div>\t\t<div id=\"wpforms-2802-field_1-container\"\n\t\t\tclass=\"wpforms-field wpforms-field-text\"\n\t\t\tdata-field-type=\"text\"\n\t\t\tdata-field-id=\"1\"\n\t\t\t>\n\t\t\t<label class=\"wpforms-field-label\" for=\"wpforms-2802-field_1\" >vos adapt\u00e9 S\u00e9lectionnez<\/label>\n\t\t\t<input type=\"text\" id=\"wpforms-2802-field_1\" class=\"wpforms-field-medium\" name=\"wpforms[fields][1]\" >\n\t\t<\/div>\n\t\t<div id=\"wpforms-2802-field_9-container\" class=\"wpforms-field wpforms-field-checkbox wpforms-list-2-columns\" data-field-id=\"9\"><label class=\"wpforms-field-label\">S\u00e9lectionnez le service adapt\u00e9 \u00e0 vos besoins<\/label><ul id=\"wpforms-2802-field_9\"><li class=\"choice-1 depth-1\"><input type=\"checkbox\" id=\"wpforms-2802-field_9_1\" name=\"wpforms[fields][9][]\" value=\"Site web\"  ><label class=\"wpforms-field-label-inline\" for=\"wpforms-2802-field_9_1\">Site web<\/label><\/li><li class=\"choice-2 depth-1\"><input type=\"checkbox\" id=\"wpforms-2802-field_9_2\" name=\"wpforms[fields][9][]\" value=\"Design\"  ><label class=\"wpforms-field-label-inline\" for=\"wpforms-2802-field_9_2\">Design<\/label><\/li><li class=\"choice-4 depth-1\"><input type=\"checkbox\" id=\"wpforms-2802-field_9_4\" name=\"wpforms[fields][9][]\" value=\"Community Manager\"  ><label class=\"wpforms-field-label-inline\" for=\"wpforms-2802-field_9_4\">Community Manager<\/label><\/li><li class=\"choice-5 depth-1\"><input type=\"checkbox\" id=\"wpforms-2802-field_9_5\" name=\"wpforms[fields][9][]\" value=\"E-commerce\"  ><label class=\"wpforms-field-label-inline\" for=\"wpforms-2802-field_9_5\">E-commerce<\/label><\/li><li class=\"choice-6 depth-1\"><input type=\"checkbox\" id=\"wpforms-2802-field_9_6\" name=\"wpforms[fields][9][]\" value=\"Formation &amp; accompagnement\"  ><label class=\"wpforms-field-label-inline\" for=\"wpforms-2802-field_9_6\">Formation &amp; accompagnement<\/label><\/li><li class=\"choice-7 depth-1\"><input type=\"checkbox\" id=\"wpforms-2802-field_9_7\" name=\"wpforms[fields][9][]\" value=\"Branding\"  ><label class=\"wpforms-field-label-inline\" for=\"wpforms-2802-field_9_7\">Branding<\/label><\/li><\/ul><\/div><div id=\"wpforms-2802-field_12-container\" class=\"wpforms-field wpforms-field-textarea\" data-field-id=\"12\"><label class=\"wpforms-field-label\" for=\"wpforms-2802-field_12\">MESSAGE<\/label><textarea id=\"wpforms-2802-field_12\" class=\"wpforms-field-medium\" name=\"wpforms[fields][12]\" ><\/textarea><\/div><script>\n\t\t\t\t( function() {\n\t\t\t\t\tconst style = document.createElement( 'style' );\n\t\t\t\t\tstyle.appendChild( document.createTextNode( '#wpforms-2802-field_1-container { position: absolute !important; overflow: hidden !important; display: inline !important; height: 1px !important; width: 1px !important; z-index: -1000 !important; padding: 0 !important; } #wpforms-2802-field_1-container input { visibility: hidden; } #wpforms-conversational-form-page #wpforms-2802-field_1-container label { counter-increment: none; }' ) );\n\t\t\t\t\tdocument.head.appendChild( style );\n\t\t\t\t\tdocument.currentScript?.remove();\n\t\t\t\t} )();\n\t\t\t<\/script><\/div><!-- .wpforms-field-container --><div class=\"wpforms-submit-container\" ><input type=\"hidden\" name=\"wpforms[id]\" value=\"2802\"><input type=\"hidden\" name=\"page_title\" value=\"\"><input type=\"hidden\" name=\"page_url\" value=\"https:\/\/jefjeldigital.com\/index.php?rest_route=\/wp\/v2\/pages\/2746\"><input type=\"hidden\" name=\"url_referer\" value=\"\"><button type=\"submit\" name=\"wpforms[submit]\" id=\"wpforms-submit-2802\" class=\"wpforms-submit\" data-alt-text=\"Envoi...\" data-submit-text=\"Envoyer\" aria-live=\"assertive\" value=\"wpforms-submit\">Envoyer<\/button><img decoding=\"async\" src=\"https:\/\/jefjeldigital.com\/wp-content\/plugins\/wpforms-lite\/assets\/images\/submit-spin.svg\" class=\"wpforms-submit-spinner\" style=\"display: none;\" width=\"26\" height=\"26\" alt=\"Chargement en cours\" title=\"Mon Projet\"><\/div><\/form><\/div>  <!-- .wpforms-container -->\t\t\t\t<\/div>\n\t\t\t\t<\/div>\n\t\t\t\t\t<\/div>\n\t\t\t\t<\/div>\n\t\t<div class=\"elementor-element elementor-element-53d17db e-flex e-con-boxed e-con e-child\" data-id=\"53d17db\" data-element_type=\"container\" data-e-type=\"container\">\n\t\t\t\t\t<div class=\"e-con-inner\">\n\t\t\t\t\t<\/div>\n\t\t\t\t<\/div>\n\t\t\t\t<\/div>\n\t\t\t\t\t<\/div>\n\t\t\t\t<\/div>\n\t\t\t\t<\/div>\n\t\t","protected":false},"excerpt":{"rendered":"<p>votre projet Veuillez activer JavaScript dans votre navigateur pour remplir ce formulaire.Nom *Pr\u00e9nomNomE-mailTelephone *VOUS VOULEZ QUEL SERVICE ? Site web Design Community Manager E-commerce Formation &amp; accompagnement Branding MESSAGE Envoyer<\/p>\n","protected":false},"author":1,"featured_media":0,"parent":0,"menu_order":0,"comment_status":"closed","ping_status":"closed","template":"","meta":{"site-sidebar-layout":"no-sidebar","site-content-layout":"page-builder","ast-site-content-layout":"default","site-content-style":"default","site-sidebar-style":"default","ast-global-header-display":"","ast-banner-title-visibility":"","ast-main-header-display":"","ast-hfb-above-header-display":"","ast-hfb-below-header-display":"","ast-hfb-mobile-header-display":"","site-post-title":"disabled","ast-breadcrumbs-content":"disabled","ast-featured-img":"disabled","footer-sml-layout":"","ast-disable-related-posts":"","theme-transparent-header-meta":"enabled","adv-header-id-meta":"","stick-header-meta":"","header-above-stick-meta":"","header-main-stick-meta":"","header-below-stick-meta":"","astra-migrate-meta-layouts":"default","ast-page-background-enabled":"default","ast-page-background-meta":{"desktop":{"background-color":"","background-image":"","background-repeat":"repeat","background-position":"center center","background-size":"auto","background-attachment":"scroll","background-type":"","background-media":"","overlay-type":"","overlay-color":"","overlay-opacity":"","overlay-gradient":""},"tablet":{"background-color":"","background-image":"","background-repeat":"repeat","background-position":"center center","background-size":"auto","background-attachment":"scroll","background-type":"","background-media":"","overlay-type":"","overlay-color":"","overlay-opacity":"","overlay-gradient":""},"mobile":{"background-color":"","background-image":"","background-repeat":"repeat","background-position":"center center","background-size":"auto","background-attachment":"scroll","background-type":"","background-media":"","overlay-type":"","overlay-color":"","overlay-opacity":"","overlay-gradient":""}},"ast-content-background-meta":{"desktop":{"background-color":"var(--ast-global-color-5)","background-image":"","background-repeat":"repeat","background-position":"center center","background-size":"auto","background-attachment":"scroll","background-type":"","background-media":"","overlay-type":"","overlay-color":"","overlay-opacity":"","overlay-gradient":""},"tablet":{"background-color":"var(--ast-global-color-5)","background-image":"","background-repeat":"repeat","background-position":"center center","background-size":"auto","background-attachment":"scroll","background-type":"","background-media":"","overlay-type":"","overlay-color":"","overlay-opacity":"","overlay-gradient":""},"mobile":{"background-color":"var(--ast-global-color-5)","background-image":"","background-repeat":"repeat","background-position":"center center","background-size":"auto","background-attachment":"scroll","background-type":"","background-media":"","overlay-type":"","overlay-color":"","overlay-opacity":"","overlay-gradient":""}},"footnotes":""},"class_list":["post-2746","page","type-page","status-publish","hentry"],"_links":{"self":[{"href":"https:\/\/jefjeldigital.com\/index.php?rest_route=\/wp\/v2\/pages\/2746","targetHints":{"allow":["GET"]}}],"collection":[{"href":"https:\/\/jefjeldigital.com\/index.php?rest_route=\/wp\/v2\/pages"}],"about":[{"href":"https:\/\/jefjeldigital.com\/index.php?rest_route=\/wp\/v2\/types\/page"}],"author":[{"embeddable":true,"href":"https:\/\/jefjeldigital.com\/index.php?rest_route=\/wp\/v2\/users\/1"}],"replies":[{"embeddable":true,"href":"https:\/\/jefjeldigital.com\/index.php?rest_route=%2Fwp%2Fv2%2Fcomments&post=2746"}],"version-history":[{"count":5,"href":"https:\/\/jefjeldigital.com\/index.php?rest_route=\/wp\/v2\/pages\/2746\/revisions"}],"predecessor-version":[{"id":3163,"href":"https:\/\/jefjeldigital.com\/index.php?rest_route=\/wp\/v2\/pages\/2746\/revisions\/3163"}],"wp:attachment":[{"href":"https:\/\/jefjeldigital.com\/index.php?rest_route=%2Fwp%2Fv2%2Fmedia&parent=2746"}],"curies":[{"name":"wp","href":"https:\/\/api.w.org\/{rel}","templated":true}]}}